{"id":124,"date":"2021-10-07T15:09:40","date_gmt":"2021-10-07T15:09:40","guid":{"rendered":"https:\/\/optimum-impression.com\/?page_id=124"},"modified":"2021-11-24T15:56:32","modified_gmt":"2021-11-24T15:56:32","slug":"imprime-connecte","status":"publish","type":"page","link":"https:\/\/optimum-impression.com\/?page_id=124","title":{"rendered":"Imprim\u00e9 connect\u00e9"},"content":{"rendered":"\n<div class=\"wp-block-cover has-background-dim-10 has-background-dim\"><img loading=\"lazy\" decoding=\"async\" width=\"1920\" height=\"500\" class=\"wp-block-cover__image-background wp-image-432\" alt=\"\" src=\"https:\/\/optimum-impression.com\/wp-content\/uploads\/2021\/10\/Imprime-connecte.png\" data-object-fit=\"cover\" srcset=\"https:\/\/optimum-impression.com\/wp-content\/uploads\/2021\/10\/Imprime-connecte.png 1920w, https:\/\/optimum-impression.com\/wp-content\/uploads\/2021\/10\/Imprime-connecte-300x78.png 300w, https:\/\/optimum-impression.com\/wp-content\/uploads\/2021\/10\/Imprime-connecte-1024x267.png 1024w, https:\/\/optimum-impression.com\/wp-content\/uploads\/2021\/10\/Imprime-connecte-768x200.png 768w, https:\/\/optimum-impression.com\/wp-content\/uploads\/2021\/10\/Imprime-connecte-1536x400.png 1536w\" sizes=\"auto, (max-width: 1920px) 100vw, 1920px\" \/><div class=\"wp-block-cover__inner-container is-layout-flow wp-block-cover-is-layout-flow\">\n<p class=\"has-text-align-center\" style=\"font-size:40px\">IMPRIM\u00c9 CONNECT\u00c9<\/p>\n<\/div><\/div>\n\n\n\n<div style=\"height:26px\" aria-hidden=\"true\" class=\"wp-block-spacer\"><\/div>\n\n\n\n<div style=\"height:18px\" aria-hidden=\"true\" class=\"wp-block-spacer\"><\/div>\n\n\n\n<h1 class=\"has-text-align-center has-text-color wp-block-heading\" style=\"color:#095886\">La r\u00e9alit\u00e9 augment\u00e9e sur imprim\u00e9<\/h1>\n\n\n\n<p class=\"has-text-align-center\" style=\"font-size:18px\">Suite \u00e0 l\u2019\u00e9volution des besoins et mani\u00e8res de consommer, nous donnons d\u00e9sormais vie \u00e0 vos imprim\u00e9s.<br>Nous avons s\u00e9lectionn\u00e9 SnapPress, start-up Fran\u00e7aise, afin de vous accompagner dans l\u2019int\u00e9gration de contenus vid\u00e9os, 3D, HTML, PDF<br>(\u00e9galement appel\u00e9s assets) sur l\u2019ensemble de vos supports imprim\u00e9s.<\/p>\n\n\n\n<div class=\"wp-block-columns is-layout-flex wp-container-core-columns-is-layout-9d6595d7 wp-block-columns-is-layout-flex\">\n<div class=\"wp-block-column is-layout-flow wp-block-column-is-layout-flow\" style=\"flex-basis:25%\"><\/div>\n\n\n\n<div class=\"wp-block-column is-layout-flow wp-block-column-is-layout-flow\" style=\"flex-basis:50%\">\n<figure class=\"wp-block-video\"><video height=\"430\" style=\"aspect-ratio: 500 \/ 430;\" width=\"500\" controls src=\"https:\/\/optimum-impression.com\/wp-content\/uploads\/2021\/11\/3d-sample.mp4\" playsinline><\/video><\/figure>\n<\/div>\n\n\n\n<div class=\"wp-block-column is-layout-flow wp-block-column-is-layout-flow\" style=\"flex-basis:25%\"><\/div>\n<\/div>\n\n\n\n<h2 class=\"has-text-align-center has-text-color wp-block-heading\" style=\"color:#095886\">Donnez une nouvelle vie \u00e0 vos imprim\u00e9s !<\/h2>\n\n\n\n<p><\/p>\n\n\n\n<p class=\"has-text-align-center\" style=\"font-size:18px\">Gr\u00e2ce au tracking, nous r\u00e9alisons une analyse quantitative des vues :<br>nombre d\u2019utilisateurs, quantit\u00e9 de snaps, nombre de clics sur les assets\u2026<br>Cette \u00e9tude vous renseigne \u00e9galement sur le profil des utilisateurs : qui, o\u00f9,<br>quand, comment ? <\/p>\n\n\n\n<p class=\"has-text-align-center\"><strong>CONNA\u00ceTRE CES DONN\u00c9ES, C\u2019EST BIEN, LES EXPLOITER C\u2019EST MIEUX.<\/strong><br>Selon les performances, nous \u00e9crivons la suite \u00e0 donner \u00e0 votre sc\u00e9nario : 3D<br>\u00e0 la place de visuel statique, modification de call-to-action, redirection vers<br>une autre page web\u2026 Tout est envisageable pour rendre votre campagne<br>plus performante et impactable.<\/p>\n\n\n\n<h2 class=\"has-text-align-center has-text-color wp-block-heading\" style=\"color:#095886\">Offrez \u00e0 vos clients de nouvelles exp\u00e9riences<br>\u00e0 partir d&rsquo;un m\u00eame fichier !<\/h2>\n\n\n\n<p class=\"has-text-align-center\" style=\"font-size:18px\"><strong>SnapPress<\/strong> donne vie \u00e0 vos imprim\u00e9s gr\u00e2ce \u00e0 sa solution mobile et logicielle de r\u00e9alit\u00e9<br>augment\u00e9e, passerelle entre print et digital.<br><br>En savoir plus sur les possibilit\u00e9s et solutions sur le site de >> <a href=\"http:\/\/www.snappresse.com\" target=\"_blank\" rel=\"noreferrer noopener\"><span class=\"has-inline-color has-vivid-red-color\"><strong>SnapPress<\/strong><\/span><\/a> <\/p>\n\n\n\n<div class=\"wp-block-columns is-layout-flex wp-container-core-columns-is-layout-9d6595d7 wp-block-columns-is-layout-flex\">\n<div class=\"wp-block-column is-layout-flow wp-block-column-is-layout-flow\" style=\"flex-basis:25%\"><\/div>\n\n\n\n<div class=\"wp-block-column is-layout-flow wp-block-column-is-layout-flow\" style=\"flex-basis:50%\">\n<div class=\"wp-block-image\"><figure class=\"aligncenter size-full\"><img loading=\"lazy\" decoding=\"async\" width=\"110\" height=\"221\" src=\"https:\/\/optimum-impression.com\/wp-content\/uploads\/2021\/11\/SnapPress.png\" alt=\"\" class=\"wp-image-877\"\/><\/figure><\/div>\n<\/div>\n\n\n\n<div class=\"wp-block-column is-layout-flow wp-block-column-is-layout-flow\" style=\"flex-basis:25%\"><\/div>\n<\/div>\n\n\n\n<div class=\"wp-block-image\"><figure class=\"aligncenter size-full is-resized\"><img loading=\"lazy\" decoding=\"async\" src=\"https:\/\/optimum-impression.com\/wp-content\/uploads\/2021\/11\/flechebas.gif\" alt=\"\" class=\"wp-image-961\" width=\"45\" height=\"62\"\/><\/figure><\/div>\n\n\n\n<div class=\"wp-block-buttons is-content-justification-center is-layout-flex wp-block-buttons-is-layout-flex\">\n<div class=\"wp-block-button\"><a class=\"wp-block-button__link has-vivid-cyan-blue-background-color has-background\" href=\"mailto:optimum@optimum-impression.com\">En savoir plus sur nos solutions \u00ab\u00a0Imprim\u00e9s connect\u00e9s\u00a0\u00bb<\/a><\/div>\n<\/div>\n\n\n\n<div style=\"height:40px\" aria-hidden=\"true\" class=\"wp-block-spacer\"><\/div>\n","protected":false},"excerpt":{"rendered":"<p>La r\u00e9alit\u00e9 augment\u00e9e sur imprim\u00e9 Suite \u00e0 l\u2019\u00e9volution des besoins et mani\u00e8res de consommer, nous donnons d\u00e9sormais vie \u00e0 vos imprim\u00e9s.Nous avons s\u00e9lectionn\u00e9 SnapPress, start-up Fran\u00e7aise, afin de vous accompagner dans l\u2019int\u00e9gration de contenus vid\u00e9os, 3D, HTML, PDF(\u00e9galement appel\u00e9s assets) sur l\u2019ensemble de vos supports imprim\u00e9s. Donnez une nouvelle vie \u00e0 vos imprim\u00e9s ! Gr\u00e2ce [&hellip;]<\/p>\n","protected":false},"author":2,"featured_media":0,"parent":0,"menu_order":0,"comment_status":"closed","ping_status":"closed","template":"page-templates\/pagebuilder.php","meta":{"footnotes":""},"class_list":["post-124","page","type-page","status-publish","hentry"],"yoast_head":"<!-- This site is optimized with the Yoast SEO plugin v27.6 - https:\/\/yoast.com\/product\/yoast-seo-wordpress\/ -->\n<title>Imprim\u00e9 connect\u00e9 - Optimum impression<\/title>\n<meta name=\"description\" content=\"Donnez une nouvelle vie \u00e0 vos imprim\u00e9s ! D\u00e9couvrez la r\u00e9alit\u00e9 augment\u00e9e sur imprim\u00e9 gr\u00e2ce aux solutions Optimum Impression.\" \/>\n<meta name=\"robots\" content=\"index, follow, max-snippet:-1, max-image-preview:large, max-video-preview:-1\" \/>\n<link rel=\"canonical\" href=\"https:\/\/optimum-impression.com\/?page_id=124\" \/>\n<meta property=\"og:locale\" content=\"fr_FR\" \/>\n<meta property=\"og:type\" content=\"article\" \/>\n<meta property=\"og:title\" content=\"Imprim\u00e9 connect\u00e9 - Optimum impression\" \/>\n<meta property=\"og:description\" content=\"Donnez une nouvelle vie \u00e0 vos imprim\u00e9s ! D\u00e9couvrez la r\u00e9alit\u00e9 augment\u00e9e sur imprim\u00e9 gr\u00e2ce aux solutions Optimum Impression.\" \/>\n<meta property=\"og:url\" content=\"https:\/\/optimum-impression.com\/?page_id=124\" \/>\n<meta property=\"og:site_name\" content=\"Optimum impression\" \/>\n<meta property=\"article:modified_time\" content=\"2021-11-24T15:56:32+00:00\" \/>\n<meta property=\"og:image\" content=\"https:\/\/optimum-impression.com\/wp-content\/uploads\/2021\/10\/Imprime-connecte.png\" \/>\n<meta name=\"twitter:card\" content=\"summary_large_image\" \/>\n<meta name=\"twitter:label1\" content=\"Dur\u00e9e de lecture estim\u00e9e\" \/>\n\t<meta name=\"twitter:data1\" content=\"2 minutes\" \/>\n<script type=\"application\/ld+json\" class=\"yoast-schema-graph\">{\"@context\":\"https:\\\/\\\/schema.org\",\"@graph\":[{\"@type\":\"WebPage\",\"@id\":\"https:\\\/\\\/optimum-impression.com\\\/?page_id=124\",\"url\":\"https:\\\/\\\/optimum-impression.com\\\/?page_id=124\",\"name\":\"Imprim\u00e9 connect\u00e9 - Optimum impression\",\"isPartOf\":{\"@id\":\"https:\\\/\\\/optimum-impression.com\\\/#website\"},\"primaryImageOfPage\":{\"@id\":\"https:\\\/\\\/optimum-impression.com\\\/?page_id=124#primaryimage\"},\"image\":{\"@id\":\"https:\\\/\\\/optimum-impression.com\\\/?page_id=124#primaryimage\"},\"thumbnailUrl\":\"https:\\\/\\\/optimum-impression.com\\\/wp-content\\\/uploads\\\/2021\\\/10\\\/Imprime-connecte.png\",\"datePublished\":\"2021-10-07T15:09:40+00:00\",\"dateModified\":\"2021-11-24T15:56:32+00:00\",\"description\":\"Donnez une nouvelle vie \u00e0 vos imprim\u00e9s ! D\u00e9couvrez la r\u00e9alit\u00e9 augment\u00e9e sur imprim\u00e9 gr\u00e2ce aux solutions Optimum Impression.\",\"breadcrumb\":{\"@id\":\"https:\\\/\\\/optimum-impression.com\\\/?page_id=124#breadcrumb\"},\"inLanguage\":\"fr-FR\",\"potentialAction\":[{\"@type\":\"ReadAction\",\"target\":[\"https:\\\/\\\/optimum-impression.com\\\/?page_id=124\"]}]},{\"@type\":\"ImageObject\",\"inLanguage\":\"fr-FR\",\"@id\":\"https:\\\/\\\/optimum-impression.com\\\/?page_id=124#primaryimage\",\"url\":\"https:\\\/\\\/optimum-impression.com\\\/wp-content\\\/uploads\\\/2021\\\/10\\\/Imprime-connecte.png\",\"contentUrl\":\"https:\\\/\\\/optimum-impression.com\\\/wp-content\\\/uploads\\\/2021\\\/10\\\/Imprime-connecte.png\",\"width\":1920,\"height\":500},{\"@type\":\"BreadcrumbList\",\"@id\":\"https:\\\/\\\/optimum-impression.com\\\/?page_id=124#breadcrumb\",\"itemListElement\":[{\"@type\":\"ListItem\",\"position\":1,\"name\":\"Accueil\",\"item\":\"https:\\\/\\\/optimum-impression.com\\\/\"},{\"@type\":\"ListItem\",\"position\":2,\"name\":\"Imprim\u00e9 connect\u00e9\"}]},{\"@type\":\"WebSite\",\"@id\":\"https:\\\/\\\/optimum-impression.com\\\/#website\",\"url\":\"https:\\\/\\\/optimum-impression.com\\\/\",\"name\":\"Optimum impression\",\"description\":\"L&#039;imprimerie sous toutes ses formes\",\"publisher\":{\"@id\":\"https:\\\/\\\/optimum-impression.com\\\/#organization\"},\"potentialAction\":[{\"@type\":\"SearchAction\",\"target\":{\"@type\":\"EntryPoint\",\"urlTemplate\":\"https:\\\/\\\/optimum-impression.com\\\/?s={search_term_string}\"},\"query-input\":{\"@type\":\"PropertyValueSpecification\",\"valueRequired\":true,\"valueName\":\"search_term_string\"}}],\"inLanguage\":\"fr-FR\"},{\"@type\":\"Organization\",\"@id\":\"https:\\\/\\\/optimum-impression.com\\\/#organization\",\"name\":\"Optimum impression\",\"url\":\"https:\\\/\\\/optimum-impression.com\\\/\",\"logo\":{\"@type\":\"ImageObject\",\"inLanguage\":\"fr-FR\",\"@id\":\"https:\\\/\\\/optimum-impression.com\\\/#\\\/schema\\\/logo\\\/image\\\/\",\"url\":\"https:\\\/\\\/optimum-impression.com\\\/wp-content\\\/uploads\\\/2021\\\/10\\\/cropped-Logo-Optimum-01.png\",\"contentUrl\":\"https:\\\/\\\/optimum-impression.com\\\/wp-content\\\/uploads\\\/2021\\\/10\\\/cropped-Logo-Optimum-01.png\",\"width\":122,\"height\":40,\"caption\":\"Optimum impression\"},\"image\":{\"@id\":\"https:\\\/\\\/optimum-impression.com\\\/#\\\/schema\\\/logo\\\/image\\\/\"},\"sameAs\":[\"https:\\\/\\\/www.instagram.com\\\/optimum_impression\",\"https:\\\/\\\/www.linkedin.com\\\/company\\\/optimum-impression\"]}]}<\/script>\n<!-- \/ Yoast SEO plugin. -->","yoast_head_json":{"title":"Imprim\u00e9 connect\u00e9 - Optimum impression","description":"Donnez une nouvelle vie \u00e0 vos imprim\u00e9s ! D\u00e9couvrez la r\u00e9alit\u00e9 augment\u00e9e sur imprim\u00e9 gr\u00e2ce aux solutions Optimum Impression.","robots":{"index":"index","follow":"follow","max-snippet":"max-snippet:-1","max-image-preview":"max-image-preview:large","max-video-preview":"max-video-preview:-1"},"canonical":"https:\/\/optimum-impression.com\/?page_id=124","og_locale":"fr_FR","og_type":"article","og_title":"Imprim\u00e9 connect\u00e9 - Optimum impression","og_description":"Donnez une nouvelle vie \u00e0 vos imprim\u00e9s ! D\u00e9couvrez la r\u00e9alit\u00e9 augment\u00e9e sur imprim\u00e9 gr\u00e2ce aux solutions Optimum Impression.","og_url":"https:\/\/optimum-impression.com\/?page_id=124","og_site_name":"Optimum impression","article_modified_time":"2021-11-24T15:56:32+00:00","og_image":[{"url":"https:\/\/optimum-impression.com\/wp-content\/uploads\/2021\/10\/Imprime-connecte.png","type":"","width":"","height":""}],"twitter_card":"summary_large_image","twitter_misc":{"Dur\u00e9e de lecture estim\u00e9e":"2 minutes"},"schema":{"@context":"https:\/\/schema.org","@graph":[{"@type":"WebPage","@id":"https:\/\/optimum-impression.com\/?page_id=124","url":"https:\/\/optimum-impression.com\/?page_id=124","name":"Imprim\u00e9 connect\u00e9 - Optimum impression","isPartOf":{"@id":"https:\/\/optimum-impression.com\/#website"},"primaryImageOfPage":{"@id":"https:\/\/optimum-impression.com\/?page_id=124#primaryimage"},"image":{"@id":"https:\/\/optimum-impression.com\/?page_id=124#primaryimage"},"thumbnailUrl":"https:\/\/optimum-impression.com\/wp-content\/uploads\/2021\/10\/Imprime-connecte.png","datePublished":"2021-10-07T15:09:40+00:00","dateModified":"2021-11-24T15:56:32+00:00","description":"Donnez une nouvelle vie \u00e0 vos imprim\u00e9s ! D\u00e9couvrez la r\u00e9alit\u00e9 augment\u00e9e sur imprim\u00e9 gr\u00e2ce aux solutions Optimum Impression.","breadcrumb":{"@id":"https:\/\/optimum-impression.com\/?page_id=124#breadcrumb"},"inLanguage":"fr-FR","potentialAction":[{"@type":"ReadAction","target":["https:\/\/optimum-impression.com\/?page_id=124"]}]},{"@type":"ImageObject","inLanguage":"fr-FR","@id":"https:\/\/optimum-impression.com\/?page_id=124#primaryimage","url":"https:\/\/optimum-impression.com\/wp-content\/uploads\/2021\/10\/Imprime-connecte.png","contentUrl":"https:\/\/optimum-impression.com\/wp-content\/uploads\/2021\/10\/Imprime-connecte.png","width":1920,"height":500},{"@type":"BreadcrumbList","@id":"https:\/\/optimum-impression.com\/?page_id=124#breadcrumb","itemListElement":[{"@type":"ListItem","position":1,"name":"Accueil","item":"https:\/\/optimum-impression.com\/"},{"@type":"ListItem","position":2,"name":"Imprim\u00e9 connect\u00e9"}]},{"@type":"WebSite","@id":"https:\/\/optimum-impression.com\/#website","url":"https:\/\/optimum-impression.com\/","name":"Optimum impression","description":"L&#039;imprimerie sous toutes ses formes","publisher":{"@id":"https:\/\/optimum-impression.com\/#organization"},"potentialAction":[{"@type":"SearchAction","target":{"@type":"EntryPoint","urlTemplate":"https:\/\/optimum-impression.com\/?s={search_term_string}"},"query-input":{"@type":"PropertyValueSpecification","valueRequired":true,"valueName":"search_term_string"}}],"inLanguage":"fr-FR"},{"@type":"Organization","@id":"https:\/\/optimum-impression.com\/#organization","name":"Optimum impression","url":"https:\/\/optimum-impression.com\/","logo":{"@type":"ImageObject","inLanguage":"fr-FR","@id":"https:\/\/optimum-impression.com\/#\/schema\/logo\/image\/","url":"https:\/\/optimum-impression.com\/wp-content\/uploads\/2021\/10\/cropped-Logo-Optimum-01.png","contentUrl":"https:\/\/optimum-impression.com\/wp-content\/uploads\/2021\/10\/cropped-Logo-Optimum-01.png","width":122,"height":40,"caption":"Optimum impression"},"image":{"@id":"https:\/\/optimum-impression.com\/#\/schema\/logo\/image\/"},"sameAs":["https:\/\/www.instagram.com\/optimum_impression","https:\/\/www.linkedin.com\/company\/optimum-impression"]}]}},"_links":{"self":[{"href":"https:\/\/optimum-impression.com\/index.php?rest_route=\/wp\/v2\/pages\/124","targetHints":{"allow":["GET"]}}],"collection":[{"href":"https:\/\/optimum-impression.com\/index.php?rest_route=\/wp\/v2\/pages"}],"about":[{"href":"https:\/\/optimum-impression.com\/index.php?rest_route=\/wp\/v2\/types\/page"}],"author":[{"embeddable":true,"href":"https:\/\/optimum-impression.com\/index.php?rest_route=\/wp\/v2\/users\/2"}],"replies":[{"embeddable":true,"href":"https:\/\/optimum-impression.com\/index.php?rest_route=%2Fwp%2Fv2%2Fcomments&post=124"}],"version-history":[{"count":30,"href":"https:\/\/optimum-impression.com\/index.php?rest_route=\/wp\/v2\/pages\/124\/revisions"}],"predecessor-version":[{"id":1109,"href":"https:\/\/optimum-impression.com\/index.php?rest_route=\/wp\/v2\/pages\/124\/revisions\/1109"}],"wp:attachment":[{"href":"https:\/\/optimum-impression.com\/index.php?rest_route=%2Fwp%2Fv2%2Fmedia&parent=124"}],"curies":[{"name":"wp","href":"https:\/\/api.w.org\/{rel}","templated":true}]}}