{"id":121,"date":"2021-10-07T15:09:40","date_gmt":"2021-10-07T15:09:40","guid":{"rendered":"https:\/\/optimum-impression.com\/?page_id=121"},"modified":"2021-11-24T15:56:00","modified_gmt":"2021-11-24T15:56:00","slug":"etiquettes-adhesives-stickers-vitropanie","status":"publish","type":"page","link":"https:\/\/optimum-impression.com\/?page_id=121","title":{"rendered":"Etiquettes et Adh\u00e9sifs"},"content":{"rendered":"\n<div class=\"wp-block-cover aligncenter has-background-dim-20 has-background-dim\"><img loading=\"lazy\" decoding=\"async\" width=\"1024\" height=\"576\" class=\"wp-block-cover__image-background wp-image-159\" alt=\"\" src=\"https:\/\/optimum-impression.com\/wp-content\/uploads\/2021\/10\/stickers-Optimum-Impression-1024x576.jpg\" data-object-fit=\"cover\" srcset=\"https:\/\/optimum-impression.com\/wp-content\/uploads\/2021\/10\/stickers-Optimum-Impression-1024x576.jpg 1024w, https:\/\/optimum-impression.com\/wp-content\/uploads\/2021\/10\/stickers-Optimum-Impression-300x169.jpg 300w, https:\/\/optimum-impression.com\/wp-content\/uploads\/2021\/10\/stickers-Optimum-Impression-768x432.jpg 768w, https:\/\/optimum-impression.com\/wp-content\/uploads\/2021\/10\/stickers-Optimum-Impression-1536x864.jpg 1536w, https:\/\/optimum-impression.com\/wp-content\/uploads\/2021\/10\/stickers-Optimum-Impression.jpg 1920w\" sizes=\"auto, (max-width: 1024px) 100vw, 1024px\" \/><div class=\"wp-block-cover__inner-container is-layout-flow wp-block-cover-is-layout-flow\">\n<p class=\"has-text-align-center\" style=\"font-size:40px\">\u00c9TIQUETTES ET ADH\u00c9SIFS<\/p>\n<\/div><\/div>\n\n\n\n<div style=\"height:40px\" aria-hidden=\"true\" class=\"wp-block-spacer\"><\/div>\n\n\n\n<h1 class=\"has-text-align-center has-text-color wp-block-heading\" style=\"color:#095886\"><strong>\u00c9TIQUETTES ADH\u00c9SIVES EN BOBINE<\/strong><\/h1>\n\n\n\n<p class=\"has-text-align-center\" style=\"font-size:18px\">Vous voulez embellir un produit, mettre en avant des informations importantes pour vos clients,<br>apposer votre logo sur un support lors de vos livraisons ou encore signaler des promotions ?<br><strong>Pensez aux \u00e9tiquettes !<\/strong><br><br>Vous l&rsquo;aurez compris, l&rsquo;\u00e9tiquette poss\u00e8de plus d&rsquo;un tour dans son sac et peut se d\u00e9cliner sur de tr\u00e8s nombreuses utilisations.<\/p>\n\n\n\n<div class=\"wp-block-group alignwide\"><div class=\"wp-block-group__inner-container is-layout-flow wp-block-group-is-layout-flow\">\n<div class=\"wp-block-columns is-layout-flex wp-container-core-columns-is-layout-9d6595d7 wp-block-columns-is-layout-flex\">\n<div class=\"wp-block-column is-layout-flow wp-block-column-is-layout-flow\" style=\"flex-basis:100%\">\n<div class=\"wp-block-columns alignwide is-layout-flex wp-container-core-columns-is-layout-9d6595d7 wp-block-columns-is-layout-flex\">\n<div class=\"wp-block-column is-layout-flow wp-block-column-is-layout-flow\">\n<div class=\"wp-block-image\"><figure class=\"aligncenter size-full\"><img loading=\"lazy\" decoding=\"async\" width=\"350\" height=\"350\" src=\"https:\/\/optimum-impression.com\/wp-content\/uploads\/2021\/10\/Adhesifs2.png\" alt=\"\" class=\"wp-image-450\" srcset=\"https:\/\/optimum-impression.com\/wp-content\/uploads\/2021\/10\/Adhesifs2.png 350w, https:\/\/optimum-impression.com\/wp-content\/uploads\/2021\/10\/Adhesifs2-300x300.png 300w, https:\/\/optimum-impression.com\/wp-content\/uploads\/2021\/10\/Adhesifs2-150x150.png 150w\" sizes=\"auto, (max-width: 350px) 100vw, 350px\" \/><\/figure><\/div>\n\n\n\n<p class=\"has-text-align-center\">Etiquettes adh\u00e9sives en bobine<\/p>\n<\/div>\n\n\n\n<div class=\"wp-block-column is-layout-flow wp-block-column-is-layout-flow\">\n<div class=\"wp-block-image\"><figure class=\"aligncenter size-full\"><img loading=\"lazy\" decoding=\"async\" width=\"350\" height=\"350\" src=\"https:\/\/optimum-impression.com\/wp-content\/uploads\/2021\/10\/Adhesifs3.png\" alt=\"\" class=\"wp-image-475\" srcset=\"https:\/\/optimum-impression.com\/wp-content\/uploads\/2021\/10\/Adhesifs3.png 350w, https:\/\/optimum-impression.com\/wp-content\/uploads\/2021\/10\/Adhesifs3-300x300.png 300w, https:\/\/optimum-impression.com\/wp-content\/uploads\/2021\/10\/Adhesifs3-150x150.png 150w\" sizes=\"auto, (max-width: 350px) 100vw, 350px\" \/><\/figure><\/div>\n\n\n\n<p class=\"has-text-align-center\">Etiquettes adh\u00e9sives promotionnelles en bobine<\/p>\n<\/div>\n\n\n\n<div class=\"wp-block-column is-layout-flow wp-block-column-is-layout-flow\">\n<div class=\"wp-block-image\"><figure class=\"aligncenter size-full\"><img loading=\"lazy\" decoding=\"async\" width=\"350\" height=\"350\" src=\"https:\/\/optimum-impression.com\/wp-content\/uploads\/2021\/11\/Etiquettes-bobines.png\" alt=\"Etiquettes en bobines - Optimum Impression\" class=\"wp-image-1089\" srcset=\"https:\/\/optimum-impression.com\/wp-content\/uploads\/2021\/11\/Etiquettes-bobines.png 350w, https:\/\/optimum-impression.com\/wp-content\/uploads\/2021\/11\/Etiquettes-bobines-300x300.png 300w, https:\/\/optimum-impression.com\/wp-content\/uploads\/2021\/11\/Etiquettes-bobines-150x150.png 150w\" sizes=\"auto, (max-width: 350px) 100vw, 350px\" \/><\/figure><\/div>\n\n\n\n<p class=\"has-text-align-center\">Etiquettes adh\u00e9sives personnalis\u00e9es en bobine<\/p>\n<\/div>\n<\/div>\n<\/div>\n<\/div>\n<\/div><\/div>\n\n\n\n<h2 class=\"has-text-align-center has-text-color wp-block-heading\" style=\"color:#095886\">Notre parc machines<\/h2>\n\n\n\n<div class=\"wp-block-columns is-layout-flex wp-container-core-columns-is-layout-9d6595d7 wp-block-columns-is-layout-flex\">\n<div class=\"wp-block-column is-vertically-aligned-center is-layout-flow wp-block-column-is-layout-flow\">\n<p class=\"has-text-align-center\">\u25a0 1 presse VIVA CODIMAG 340 (Laize maxi 330mm) Typo &#8211; 4 couleurs + Vernis flexo UV + Groupe s\u00e9rigraphie (braille et grattable)<br>\u25a0 1 presse VIVA CODIMAG 340 (Laize maxi 330mm) Typo \u2013 2 couleurs<br>\u25a0 1 presse VIVA CODIMAG 420 Waterless (Laize maxi 410mm) Offset 4 groupes Quadri + vernis flexo UV<br>\u25a0 1 presse VIVA CODIMAG 340 Waterless (Laize maxi 330mm) Offset 2 groupes typo + 4 groupes Quadri + dorure \u00e0 chaud + vernis flexo UV<br>\u25a0 1 presse VIVA CODIMAG 340 Aniflo (Laize maxi 330mm) Offset 4 groupes Quadri + dorure \u00e0 chaud + vernis flexo UV<br>\u25a0 1 presse DATAMAX Num\u00e9roteuse<br>\u25a0 1 presse Durst<\/p>\n<\/div>\n<\/div>\n\n\n\n<div class=\"wp-block-columns is-layout-flex wp-container-core-columns-is-layout-9d6595d7 wp-block-columns-is-layout-flex\">\n<div class=\"wp-block-column is-layout-flow wp-block-column-is-layout-flow\">\n<div class=\"wp-block-image\"><figure class=\"aligncenter size-full\"><img loading=\"lazy\" decoding=\"async\" width=\"350\" height=\"350\" src=\"https:\/\/optimum-impression.com\/wp-content\/uploads\/2021\/11\/Durst_1.png\" alt=\"\" class=\"wp-image-544\" srcset=\"https:\/\/optimum-impression.com\/wp-content\/uploads\/2021\/11\/Durst_1.png 350w, https:\/\/optimum-impression.com\/wp-content\/uploads\/2021\/11\/Durst_1-300x300.png 300w, https:\/\/optimum-impression.com\/wp-content\/uploads\/2021\/11\/Durst_1-150x150.png 150w\" sizes=\"auto, (max-width: 350px) 100vw, 350px\" \/><\/figure><\/div>\n<\/div>\n\n\n\n<div class=\"wp-block-column is-layout-flow wp-block-column-is-layout-flow\">\n<div class=\"wp-block-image\"><figure class=\"aligncenter size-full\"><img loading=\"lazy\" decoding=\"async\" width=\"350\" height=\"350\" src=\"https:\/\/optimum-impression.com\/wp-content\/uploads\/2021\/10\/Codimag_1.png\" alt=\"\" class=\"wp-image-468\" srcset=\"https:\/\/optimum-impression.com\/wp-content\/uploads\/2021\/10\/Codimag_1.png 350w, https:\/\/optimum-impression.com\/wp-content\/uploads\/2021\/10\/Codimag_1-300x300.png 300w, https:\/\/optimum-impression.com\/wp-content\/uploads\/2021\/10\/Codimag_1-150x150.png 150w\" sizes=\"auto, (max-width: 350px) 100vw, 350px\" \/><\/figure><\/div>\n<\/div>\n\n\n\n<div class=\"wp-block-column is-layout-flow wp-block-column-is-layout-flow\">\n<div class=\"wp-block-image\"><figure class=\"aligncenter size-full\"><img loading=\"lazy\" decoding=\"async\" width=\"350\" height=\"350\" src=\"https:\/\/optimum-impression.com\/wp-content\/uploads\/2021\/10\/Codimag_3.png\" alt=\"\" class=\"wp-image-473\" srcset=\"https:\/\/optimum-impression.com\/wp-content\/uploads\/2021\/10\/Codimag_3.png 350w, https:\/\/optimum-impression.com\/wp-content\/uploads\/2021\/10\/Codimag_3-300x300.png 300w, https:\/\/optimum-impression.com\/wp-content\/uploads\/2021\/10\/Codimag_3-150x150.png 150w\" sizes=\"auto, (max-width: 350px) 100vw, 350px\" \/><\/figure><\/div>\n<\/div>\n<\/div>\n\n\n\n<div style=\"height:82px\" aria-hidden=\"true\" class=\"wp-block-spacer\"><\/div>\n\n\n\n<h1 class=\"has-text-align-center has-text-color wp-block-heading\" style=\"color:#095886\"><strong>ADH\u00c9SIFS EN PLANCHE ET STICKERS<\/strong><\/h1>\n\n\n\n<p class=\"has-text-align-center\" style=\"font-size:18px\">Optimum vous propose des planches autocollantes pr\u00e9d\u00e9coup\u00e9es dans de nombreux<br>formats afin de r\u00e9pondre au caract\u00e8re unique de chaque projet.<\/p>\n\n\n\n<div style=\"height:28px\" aria-hidden=\"true\" class=\"wp-block-spacer\"><\/div>\n\n\n\n<div class=\"wp-block-group alignwide\"><div class=\"wp-block-group__inner-container is-layout-flow wp-block-group-is-layout-flow\">\n<div class=\"wp-block-columns is-layout-flex wp-container-core-columns-is-layout-9d6595d7 wp-block-columns-is-layout-flex\">\n<div class=\"wp-block-column is-layout-flow wp-block-column-is-layout-flow\" style=\"flex-basis:100%\">\n<div class=\"wp-block-columns alignwide is-layout-flex wp-container-core-columns-is-layout-9d6595d7 wp-block-columns-is-layout-flex\">\n<div class=\"wp-block-column is-layout-flow wp-block-column-is-layout-flow\">\n<div class=\"wp-block-image\"><figure class=\"aligncenter size-full\"><img loading=\"lazy\" decoding=\"async\" width=\"350\" height=\"350\" src=\"https:\/\/optimum-impression.com\/wp-content\/uploads\/2021\/11\/Adhesifs9.png\" alt=\"\" class=\"wp-image-548\" srcset=\"https:\/\/optimum-impression.com\/wp-content\/uploads\/2021\/11\/Adhesifs9.png 350w, https:\/\/optimum-impression.com\/wp-content\/uploads\/2021\/11\/Adhesifs9-300x300.png 300w, https:\/\/optimum-impression.com\/wp-content\/uploads\/2021\/11\/Adhesifs9-150x150.png 150w\" sizes=\"auto, (max-width: 350px) 100vw, 350px\" \/><\/figure><\/div>\n\n\n\n<p class=\"has-text-align-center\">Stickers promotionnels en planche et supports carton<\/p>\n<\/div>\n\n\n\n<div class=\"wp-block-column is-layout-flow wp-block-column-is-layout-flow\">\n<div class=\"wp-block-image\"><figure class=\"aligncenter size-full\"><img loading=\"lazy\" decoding=\"async\" width=\"350\" height=\"350\" src=\"https:\/\/optimum-impression.com\/wp-content\/uploads\/2021\/10\/Adhesifs7.png\" alt=\"\" class=\"wp-image-498\" srcset=\"https:\/\/optimum-impression.com\/wp-content\/uploads\/2021\/10\/Adhesifs7.png 350w, https:\/\/optimum-impression.com\/wp-content\/uploads\/2021\/10\/Adhesifs7-300x300.png 300w, https:\/\/optimum-impression.com\/wp-content\/uploads\/2021\/10\/Adhesifs7-150x150.png 150w\" sizes=\"auto, (max-width: 350px) 100vw, 350px\" \/><\/figure><\/div>\n\n\n\n<p class=\"has-text-align-center\">Etiquettes adh\u00e9sives en planche pr\u00e9d\u00e9coup\u00e9es sur mesure<\/p>\n<\/div>\n\n\n\n<div class=\"wp-block-column is-layout-flow wp-block-column-is-layout-flow\">\n<div class=\"wp-block-image\"><figure class=\"aligncenter size-full\"><img loading=\"lazy\" decoding=\"async\" width=\"350\" height=\"350\" src=\"https:\/\/optimum-impression.com\/wp-content\/uploads\/2021\/10\/Adhesifs4.png\" alt=\"\" class=\"wp-image-479\" srcset=\"https:\/\/optimum-impression.com\/wp-content\/uploads\/2021\/10\/Adhesifs4.png 350w, https:\/\/optimum-impression.com\/wp-content\/uploads\/2021\/10\/Adhesifs4-300x300.png 300w, https:\/\/optimum-impression.com\/wp-content\/uploads\/2021\/10\/Adhesifs4-150x150.png 150w\" sizes=\"auto, (max-width: 350px) 100vw, 350px\" \/><\/figure><\/div>\n\n\n\n<p class=\"has-text-align-center\">Etiquettes adh\u00e9sives de s\u00e9curit\u00e9<\/p>\n<\/div>\n<\/div>\n<\/div>\n<\/div>\n<\/div><\/div>\n\n\n\n<p class=\"has-text-align-center\" style=\"font-size:18px\"><strong>Faites la diff\u00e9rence et marquez les esprits en mettant en avant vos produits avec<\/strong><br><strong>de belles \u00e9tiquettes adh\u00e9sives.<\/strong><br>La promotion de votre marque gr\u00e2ce aux \u00e9tiquettes personnalis\u00e9es en rouleaux n\u2019a jamais \u00e9t\u00e9 aussi facile !<br><strong>Nous vous proposons des solutions en simple ou double enduction,<\/strong><br><strong>impression jusqu\u2019a 6 couleurs, Typographie, Offset, Flexo, en bobine ou en planche<\/strong><br><strong>petites ou grandes series.<\/strong><br><br><strong>Un vaste choix de supports<\/strong>: Papier couch\u00e9, v\u00e9lin, papier structur\u00e9 (type vinicole),<br>vinyle (Polypropyl\u00e8ne, poly\u00e9thyl\u00e8ne), soie d\u2019ac\u00e9tate, papier fluo, repositionnable.<br><br><strong>Et de finitions<\/strong>: S\u00e9rigraphie, dorure \u00e0 chaud et \u00e0 froid (plusieurs couleurs disponibles),<br>vernis UV, hologramme, num\u00e9rotation, Braille<br><br>Un projet d&rsquo;adh\u00e9sifs promotionnels, alimentaires ? N&rsquo;h\u00e9sitez pas \u00e0 nous contacter !<\/p>\n\n\n\n<div class=\"wp-block-image\"><figure class=\"aligncenter size-full is-resized\"><img loading=\"lazy\" decoding=\"async\" src=\"https:\/\/optimum-impression.com\/wp-content\/uploads\/2021\/11\/flechebas.gif\" alt=\"\" class=\"wp-image-961\" width=\"45\" height=\"62\"\/><\/figure><\/div>\n\n\n\n<div class=\"wp-block-buttons is-content-justification-center is-layout-flex wp-block-buttons-is-layout-flex\">\n<div class=\"wp-block-button\"><a class=\"wp-block-button__link has-white-color has-vivid-cyan-blue-background-color has-text-color has-background\" href=\"mailto:optimum@optimum-impression.com\">Demander un devis, plus d&rsquo;informations <\/a><\/div>\n<\/div>\n\n\n\n<div style=\"height:72px\" aria-hidden=\"true\" class=\"wp-block-spacer\"><\/div>\n","protected":false},"excerpt":{"rendered":"<p>\u00c9TIQUETTES ADH\u00c9SIVES EN BOBINE Vous voulez embellir un produit, mettre en avant des informations importantes pour vos clients,apposer votre logo sur un support lors de vos livraisons ou encore signaler des promotions ?Pensez aux \u00e9tiquettes ! Vous l&rsquo;aurez compris, l&rsquo;\u00e9tiquette poss\u00e8de plus d&rsquo;un tour dans son sac et peut se d\u00e9cliner sur de tr\u00e8s nombreuses [&hellip;]<\/p>\n","protected":false},"author":2,"featured_media":0,"parent":0,"menu_order":0,"comment_status":"closed","ping_status":"closed","template":"page-templates\/pagebuilder.php","meta":{"footnotes":""},"class_list":["post-121","page","type-page","status-publish","hentry"],"yoast_head":"<!-- This site is optimized with the Yoast SEO plugin v27.6 - https:\/\/yoast.com\/product\/yoast-seo-wordpress\/ -->\n<title>Etiquettes et Adh\u00e9sifs - Optimum impression<\/title>\n<meta name=\"description\" content=\"Impression d&#039;\u00e9tiquettes adh\u00e9sives en bobine ou en planche, solutions sur mesure, d\u00e9coupe et pose m\u00e9canisable\" \/>\n<meta name=\"robots\" content=\"index, follow, max-snippet:-1, max-image-preview:large, max-video-preview:-1\" \/>\n<link rel=\"canonical\" href=\"https:\/\/optimum-impression.com\/?page_id=121\" \/>\n<meta property=\"og:locale\" content=\"fr_FR\" \/>\n<meta property=\"og:type\" content=\"article\" \/>\n<meta property=\"og:title\" content=\"Etiquettes et Adh\u00e9sifs - Optimum impression\" \/>\n<meta property=\"og:description\" content=\"Impression d&#039;\u00e9tiquettes adh\u00e9sives en bobine ou en planche, solutions sur mesure, d\u00e9coupe et pose m\u00e9canisable\" \/>\n<meta property=\"og:url\" content=\"https:\/\/optimum-impression.com\/?page_id=121\" \/>\n<meta property=\"og:site_name\" content=\"Optimum impression\" \/>\n<meta property=\"article:modified_time\" content=\"2021-11-24T15:56:00+00:00\" \/>\n<meta property=\"og:image\" content=\"https:\/\/optimum-impression.com\/wp-content\/uploads\/2021\/10\/stickers-Optimum-Impression-1024x576.jpg\" \/>\n<meta name=\"twitter:card\" content=\"summary_large_image\" \/>\n<meta name=\"twitter:label1\" content=\"Dur\u00e9e de lecture estim\u00e9e\" \/>\n\t<meta name=\"twitter:data1\" content=\"4 minutes\" \/>\n<script type=\"application\/ld+json\" class=\"yoast-schema-graph\">{\"@context\":\"https:\\\/\\\/schema.org\",\"@graph\":[{\"@type\":\"WebPage\",\"@id\":\"https:\\\/\\\/optimum-impression.com\\\/?page_id=121\",\"url\":\"https:\\\/\\\/optimum-impression.com\\\/?page_id=121\",\"name\":\"Etiquettes et Adh\u00e9sifs - Optimum impression\",\"isPartOf\":{\"@id\":\"https:\\\/\\\/optimum-impression.com\\\/#website\"},\"primaryImageOfPage\":{\"@id\":\"https:\\\/\\\/optimum-impression.com\\\/?page_id=121#primaryimage\"},\"image\":{\"@id\":\"https:\\\/\\\/optimum-impression.com\\\/?page_id=121#primaryimage\"},\"thumbnailUrl\":\"https:\\\/\\\/optimum-impression.com\\\/wp-content\\\/uploads\\\/2021\\\/10\\\/stickers-Optimum-Impression-1024x576.jpg\",\"datePublished\":\"2021-10-07T15:09:40+00:00\",\"dateModified\":\"2021-11-24T15:56:00+00:00\",\"description\":\"Impression d'\u00e9tiquettes adh\u00e9sives en bobine ou en planche, solutions sur mesure, d\u00e9coupe et pose m\u00e9canisable\",\"breadcrumb\":{\"@id\":\"https:\\\/\\\/optimum-impression.com\\\/?page_id=121#breadcrumb\"},\"inLanguage\":\"fr-FR\",\"potentialAction\":[{\"@type\":\"ReadAction\",\"target\":[\"https:\\\/\\\/optimum-impression.com\\\/?page_id=121\"]}]},{\"@type\":\"ImageObject\",\"inLanguage\":\"fr-FR\",\"@id\":\"https:\\\/\\\/optimum-impression.com\\\/?page_id=121#primaryimage\",\"url\":\"https:\\\/\\\/optimum-impression.com\\\/wp-content\\\/uploads\\\/2021\\\/10\\\/stickers-Optimum-Impression.jpg\",\"contentUrl\":\"https:\\\/\\\/optimum-impression.com\\\/wp-content\\\/uploads\\\/2021\\\/10\\\/stickers-Optimum-Impression.jpg\",\"width\":1920,\"height\":1080},{\"@type\":\"BreadcrumbList\",\"@id\":\"https:\\\/\\\/optimum-impression.com\\\/?page_id=121#breadcrumb\",\"itemListElement\":[{\"@type\":\"ListItem\",\"position\":1,\"name\":\"Accueil\",\"item\":\"https:\\\/\\\/optimum-impression.com\\\/\"},{\"@type\":\"ListItem\",\"position\":2,\"name\":\"Etiquettes et Adh\u00e9sifs\"}]},{\"@type\":\"WebSite\",\"@id\":\"https:\\\/\\\/optimum-impression.com\\\/#website\",\"url\":\"https:\\\/\\\/optimum-impression.com\\\/\",\"name\":\"Optimum impression\",\"description\":\"L&#039;imprimerie sous toutes ses formes\",\"publisher\":{\"@id\":\"https:\\\/\\\/optimum-impression.com\\\/#organization\"},\"potentialAction\":[{\"@type\":\"SearchAction\",\"target\":{\"@type\":\"EntryPoint\",\"urlTemplate\":\"https:\\\/\\\/optimum-impression.com\\\/?s={search_term_string}\"},\"query-input\":{\"@type\":\"PropertyValueSpecification\",\"valueRequired\":true,\"valueName\":\"search_term_string\"}}],\"inLanguage\":\"fr-FR\"},{\"@type\":\"Organization\",\"@id\":\"https:\\\/\\\/optimum-impression.com\\\/#organization\",\"name\":\"Optimum impression\",\"url\":\"https:\\\/\\\/optimum-impression.com\\\/\",\"logo\":{\"@type\":\"ImageObject\",\"inLanguage\":\"fr-FR\",\"@id\":\"https:\\\/\\\/optimum-impression.com\\\/#\\\/schema\\\/logo\\\/image\\\/\",\"url\":\"https:\\\/\\\/optimum-impression.com\\\/wp-content\\\/uploads\\\/2021\\\/10\\\/cropped-Logo-Optimum-01.png\",\"contentUrl\":\"https:\\\/\\\/optimum-impression.com\\\/wp-content\\\/uploads\\\/2021\\\/10\\\/cropped-Logo-Optimum-01.png\",\"width\":122,\"height\":40,\"caption\":\"Optimum impression\"},\"image\":{\"@id\":\"https:\\\/\\\/optimum-impression.com\\\/#\\\/schema\\\/logo\\\/image\\\/\"},\"sameAs\":[\"https:\\\/\\\/www.instagram.com\\\/optimum_impression\",\"https:\\\/\\\/www.linkedin.com\\\/company\\\/optimum-impression\"]}]}<\/script>\n<!-- \/ Yoast SEO plugin. -->","yoast_head_json":{"title":"Etiquettes et Adh\u00e9sifs - Optimum impression","description":"Impression d'\u00e9tiquettes adh\u00e9sives en bobine ou en planche, solutions sur mesure, d\u00e9coupe et pose m\u00e9canisable","robots":{"index":"index","follow":"follow","max-snippet":"max-snippet:-1","max-image-preview":"max-image-preview:large","max-video-preview":"max-video-preview:-1"},"canonical":"https:\/\/optimum-impression.com\/?page_id=121","og_locale":"fr_FR","og_type":"article","og_title":"Etiquettes et Adh\u00e9sifs - Optimum impression","og_description":"Impression d'\u00e9tiquettes adh\u00e9sives en bobine ou en planche, solutions sur mesure, d\u00e9coupe et pose m\u00e9canisable","og_url":"https:\/\/optimum-impression.com\/?page_id=121","og_site_name":"Optimum impression","article_modified_time":"2021-11-24T15:56:00+00:00","og_image":[{"url":"https:\/\/optimum-impression.com\/wp-content\/uploads\/2021\/10\/stickers-Optimum-Impression-1024x576.jpg","type":"","width":"","height":""}],"twitter_card":"summary_large_image","twitter_misc":{"Dur\u00e9e de lecture estim\u00e9e":"4 minutes"},"schema":{"@context":"https:\/\/schema.org","@graph":[{"@type":"WebPage","@id":"https:\/\/optimum-impression.com\/?page_id=121","url":"https:\/\/optimum-impression.com\/?page_id=121","name":"Etiquettes et Adh\u00e9sifs - Optimum impression","isPartOf":{"@id":"https:\/\/optimum-impression.com\/#website"},"primaryImageOfPage":{"@id":"https:\/\/optimum-impression.com\/?page_id=121#primaryimage"},"image":{"@id":"https:\/\/optimum-impression.com\/?page_id=121#primaryimage"},"thumbnailUrl":"https:\/\/optimum-impression.com\/wp-content\/uploads\/2021\/10\/stickers-Optimum-Impression-1024x576.jpg","datePublished":"2021-10-07T15:09:40+00:00","dateModified":"2021-11-24T15:56:00+00:00","description":"Impression d'\u00e9tiquettes adh\u00e9sives en bobine ou en planche, solutions sur mesure, d\u00e9coupe et pose m\u00e9canisable","breadcrumb":{"@id":"https:\/\/optimum-impression.com\/?page_id=121#breadcrumb"},"inLanguage":"fr-FR","potentialAction":[{"@type":"ReadAction","target":["https:\/\/optimum-impression.com\/?page_id=121"]}]},{"@type":"ImageObject","inLanguage":"fr-FR","@id":"https:\/\/optimum-impression.com\/?page_id=121#primaryimage","url":"https:\/\/optimum-impression.com\/wp-content\/uploads\/2021\/10\/stickers-Optimum-Impression.jpg","contentUrl":"https:\/\/optimum-impression.com\/wp-content\/uploads\/2021\/10\/stickers-Optimum-Impression.jpg","width":1920,"height":1080},{"@type":"BreadcrumbList","@id":"https:\/\/optimum-impression.com\/?page_id=121#breadcrumb","itemListElement":[{"@type":"ListItem","position":1,"name":"Accueil","item":"https:\/\/optimum-impression.com\/"},{"@type":"ListItem","position":2,"name":"Etiquettes et Adh\u00e9sifs"}]},{"@type":"WebSite","@id":"https:\/\/optimum-impression.com\/#website","url":"https:\/\/optimum-impression.com\/","name":"Optimum impression","description":"L&#039;imprimerie sous toutes ses formes","publisher":{"@id":"https:\/\/optimum-impression.com\/#organization"},"potentialAction":[{"@type":"SearchAction","target":{"@type":"EntryPoint","urlTemplate":"https:\/\/optimum-impression.com\/?s={search_term_string}"},"query-input":{"@type":"PropertyValueSpecification","valueRequired":true,"valueName":"search_term_string"}}],"inLanguage":"fr-FR"},{"@type":"Organization","@id":"https:\/\/optimum-impression.com\/#organization","name":"Optimum impression","url":"https:\/\/optimum-impression.com\/","logo":{"@type":"ImageObject","inLanguage":"fr-FR","@id":"https:\/\/optimum-impression.com\/#\/schema\/logo\/image\/","url":"https:\/\/optimum-impression.com\/wp-content\/uploads\/2021\/10\/cropped-Logo-Optimum-01.png","contentUrl":"https:\/\/optimum-impression.com\/wp-content\/uploads\/2021\/10\/cropped-Logo-Optimum-01.png","width":122,"height":40,"caption":"Optimum impression"},"image":{"@id":"https:\/\/optimum-impression.com\/#\/schema\/logo\/image\/"},"sameAs":["https:\/\/www.instagram.com\/optimum_impression","https:\/\/www.linkedin.com\/company\/optimum-impression"]}]}},"_links":{"self":[{"href":"https:\/\/optimum-impression.com\/index.php?rest_route=\/wp\/v2\/pages\/121","targetHints":{"allow":["GET"]}}],"collection":[{"href":"https:\/\/optimum-impression.com\/index.php?rest_route=\/wp\/v2\/pages"}],"about":[{"href":"https:\/\/optimum-impression.com\/index.php?rest_route=\/wp\/v2\/types\/page"}],"author":[{"embeddable":true,"href":"https:\/\/optimum-impression.com\/index.php?rest_route=\/wp\/v2\/users\/2"}],"replies":[{"embeddable":true,"href":"https:\/\/optimum-impression.com\/index.php?rest_route=%2Fwp%2Fv2%2Fcomments&post=121"}],"version-history":[{"count":125,"href":"https:\/\/optimum-impression.com\/index.php?rest_route=\/wp\/v2\/pages\/121\/revisions"}],"predecessor-version":[{"id":1108,"href":"https:\/\/optimum-impression.com\/index.php?rest_route=\/wp\/v2\/pages\/121\/revisions\/1108"}],"wp:attachment":[{"href":"https:\/\/optimum-impression.com\/index.php?rest_route=%2Fwp%2Fv2%2Fmedia&parent=121"}],"curies":[{"name":"wp","href":"https:\/\/api.w.org\/{rel}","templated":true}]}}