{"id":118,"date":"2021-10-07T15:04:18","date_gmt":"2021-10-07T15:04:18","guid":{"rendered":"https:\/\/optimum-impression.com\/?page_id=118"},"modified":"2021-11-12T09:58:38","modified_gmt":"2021-11-12T09:58:38","slug":"web-to-print","status":"publish","type":"page","link":"https:\/\/optimum-impression.com\/?page_id=118","title":{"rendered":"Web to print"},"content":{"rendered":"\n<div class=\"wp-block-cover has-background-dim-20 has-background-dim\"><img loading=\"lazy\" decoding=\"async\" width=\"1920\" height=\"1280\" class=\"wp-block-cover__image-background wp-image-410\" alt=\"\" src=\"https:\/\/optimum-impression.com\/wp-content\/uploads\/2021\/10\/Optimum-Impression3-1.jpg\" data-object-fit=\"cover\" srcset=\"https:\/\/optimum-impression.com\/wp-content\/uploads\/2021\/10\/Optimum-Impression3-1.jpg 1920w, https:\/\/optimum-impression.com\/wp-content\/uploads\/2021\/10\/Optimum-Impression3-1-300x200.jpg 300w, https:\/\/optimum-impression.com\/wp-content\/uploads\/2021\/10\/Optimum-Impression3-1-1024x683.jpg 1024w, https:\/\/optimum-impression.com\/wp-content\/uploads\/2021\/10\/Optimum-Impression3-1-768x512.jpg 768w, https:\/\/optimum-impression.com\/wp-content\/uploads\/2021\/10\/Optimum-Impression3-1-1536x1024.jpg 1536w\" sizes=\"auto, (max-width: 1920px) 100vw, 1920px\" \/><div class=\"wp-block-cover__inner-container is-layout-flow wp-block-cover-is-layout-flow\">\n<p class=\"has-text-align-center\" style=\"font-size:40px\">WEB TO PRINT<\/p>\n<\/div><\/div>\n\n\n\n<div style=\"height:31px\" aria-hidden=\"true\" class=\"wp-block-spacer\"><\/div>\n\n\n\n<h2 class=\"has-text-align-center has-text-color wp-block-heading\" style=\"color:#095886\">LE WEB TO PRINT by OPTIMUM<br>PLATEFORME D\u2019IMPRESSION EN LIGNE<\/h2>\n\n\n\n<div style=\"height:31px\" aria-hidden=\"true\" class=\"wp-block-spacer\"><\/div>\n\n\n\n<div class=\"wp-block-columns is-layout-flex wp-container-core-columns-is-layout-9d6595d7 wp-block-columns-is-layout-flex\">\n<div class=\"wp-block-column is-layout-flow wp-block-column-is-layout-flow\" style=\"flex-basis:25%\"><\/div>\n\n\n\n<div class=\"wp-block-column is-layout-flow wp-block-column-is-layout-flow\" style=\"flex-basis:50%\">\n<h4 class=\"has-text-align-center has-text-color wp-block-heading\" style=\"color:#095886\">Pour qui ?<\/h4>\n\n\n\n<ul class=\"wp-block-list\"><li>Les r\u00e9seaux de vente en franchise, les cha\u00eenes de magasin, les centrales d\u2019achats, les collectivit\u00e9s locales, les PME ou grandes entreprises multi-sites.<\/li><li>Les entreprises qui commandent r\u00e9guli\u00e8rement des documents ou des retirages.<\/li><li>Les maisons m\u00e8res qui souhaitent laisser la libert\u00e9 \u00e0 leurs filiales de cr\u00e9er leurs documents tout en s\u2019assurant du respect de la charte graphique.<\/li><\/ul>\n\n\n\n<h4 class=\"has-text-align-center has-text-color wp-block-heading\" style=\"color:#095886\">Pour quels produits ?<\/h4>\n\n\n\n<ul class=\"wp-block-list\"><li>Documents avec ou sans donn\u00e9es variables : cartes de visite, cartes de correspondance, en-t\u00eates de lettres, factures, d\u00e9pliants, flyers, brochures, goodies &#8230;<\/li><\/ul>\n<\/div>\n\n\n\n<div class=\"wp-block-column is-layout-flow wp-block-column-is-layout-flow\" style=\"flex-basis:25%\"><\/div>\n<\/div>\n\n\n\n<div class=\"wp-block-image\"><figure class=\"aligncenter size-large\"><img loading=\"lazy\" decoding=\"async\" width=\"1024\" height=\"838\" src=\"https:\/\/optimum-impression.com\/wp-content\/uploads\/2021\/11\/WebtoPrint_Optimum_2-1024x838.png\" alt=\"Web to print by Optimum Impression\" class=\"wp-image-836\" srcset=\"https:\/\/optimum-impression.com\/wp-content\/uploads\/2021\/11\/WebtoPrint_Optimum_2-1024x838.png 1024w, https:\/\/optimum-impression.com\/wp-content\/uploads\/2021\/11\/WebtoPrint_Optimum_2-300x245.png 300w, https:\/\/optimum-impression.com\/wp-content\/uploads\/2021\/11\/WebtoPrint_Optimum_2-768x628.png 768w, https:\/\/optimum-impression.com\/wp-content\/uploads\/2021\/11\/WebtoPrint_Optimum_2-1536x1257.png 1536w, https:\/\/optimum-impression.com\/wp-content\/uploads\/2021\/11\/WebtoPrint_Optimum_2-2048x1676.png 2048w\" sizes=\"auto, (max-width: 1024px) 100vw, 1024px\" \/><\/figure><\/div>\n\n\n\n<p class=\"has-text-align-center\" style=\"font-size:18px\">Exemple d&rsquo;interface personnalisable<\/p>\n\n\n\n<div class=\"wp-block-image\"><figure class=\"aligncenter size-large\"><img loading=\"lazy\" decoding=\"async\" width=\"1024\" height=\"768\" src=\"https:\/\/optimum-impression.com\/wp-content\/uploads\/2021\/11\/WebtoPrint_Optimum_4-1024x768.png\" alt=\"Interface Web to print\" class=\"wp-image-840\" srcset=\"https:\/\/optimum-impression.com\/wp-content\/uploads\/2021\/11\/WebtoPrint_Optimum_4-1024x768.png 1024w, https:\/\/optimum-impression.com\/wp-content\/uploads\/2021\/11\/WebtoPrint_Optimum_4-300x225.png 300w, https:\/\/optimum-impression.com\/wp-content\/uploads\/2021\/11\/WebtoPrint_Optimum_4-768x576.png 768w, https:\/\/optimum-impression.com\/wp-content\/uploads\/2021\/11\/WebtoPrint_Optimum_4-1536x1152.png 1536w, https:\/\/optimum-impression.com\/wp-content\/uploads\/2021\/11\/WebtoPrint_Optimum_4.png 2016w\" sizes=\"auto, (max-width: 1024px) 100vw, 1024px\" \/><\/figure><\/div>\n\n\n\n<div style=\"height:18px\" aria-hidden=\"true\" class=\"wp-block-spacer\"><\/div>\n\n\n\n<div class=\"wp-block-columns is-layout-flex wp-container-core-columns-is-layout-9d6595d7 wp-block-columns-is-layout-flex\">\n<div class=\"wp-block-column is-layout-flow wp-block-column-is-layout-flow\" style=\"flex-basis:25%\"><\/div>\n\n\n\n<div class=\"wp-block-column is-layout-flow wp-block-column-is-layout-flow\" style=\"flex-basis:50%\">\n<h4 class=\"has-text-align-center has-text-color wp-block-heading\" style=\"color:#095886\">Avantages<\/h4>\n\n\n\n<ul class=\"wp-block-list\"><li>Plateforme d\u00e9di\u00e9e \u00e0 vos commandes d\u2019impression et vos besoins de personnalisation.<\/li><li>Disponibilit\u00e9 24h\/24 et 7j\/7.<\/li><li>Gain de temps et simplicit\u00e9 d\u2019utilisation.<\/li><li>Respect de votre charte graphique.<\/li><li>Statistiques et suivi de vos commandes.<\/li><\/ul>\n<\/div>\n\n\n\n<div class=\"wp-block-column is-layout-flow wp-block-column-is-layout-flow\" style=\"flex-basis:25%\"><\/div>\n<\/div>\n\n\n\n<h2 class=\"has-text-align-center has-text-color wp-block-heading\" style=\"color:#095886\">En savoir plus sur nos solutions WEB TO PRINT<br>ou demander une d\u00e9monstration ?<\/h2>\n\n\n\n<div class=\"wp-block-image\"><figure class=\"aligncenter size-full is-resized\"><img loading=\"lazy\" decoding=\"async\" src=\"https:\/\/optimum-impression.com\/wp-content\/uploads\/2021\/11\/flechebas.gif\" alt=\"\" class=\"wp-image-961\" width=\"45\" height=\"62\"\/><\/figure><\/div>\n\n\n\n<div style=\"height:32px\" aria-hidden=\"true\" class=\"wp-block-spacer\"><\/div>\n\n\n\n<div class=\"wp-block-buttons is-content-justification-center is-layout-flex wp-block-buttons-is-layout-flex\">\n<div class=\"wp-block-button\"><a class=\"wp-block-button__link has-white-color has-vivid-cyan-blue-background-color has-text-color has-background\" href=\"mailto:optimum@optimum-impression.com\">En savoir plus sur nos solutions Web to Print, demander une d\u00e9monstration <\/a><\/div>\n<\/div>\n\n\n\n<div style=\"height:56px\" aria-hidden=\"true\" class=\"wp-block-spacer\"><\/div>\n","protected":false},"excerpt":{"rendered":"<p>LE WEB TO PRINT by OPTIMUMPLATEFORME D\u2019IMPRESSION EN LIGNE Pour qui ? Les r\u00e9seaux de vente en franchise, les cha\u00eenes de magasin, les centrales d\u2019achats, les collectivit\u00e9s locales, les PME ou grandes entreprises multi-sites. Les entreprises qui commandent r\u00e9guli\u00e8rement des documents ou des retirages. Les maisons m\u00e8res qui souhaitent laisser la libert\u00e9 \u00e0 leurs filiales [&hellip;]<\/p>\n","protected":false},"author":2,"featured_media":0,"parent":0,"menu_order":0,"comment_status":"closed","ping_status":"closed","template":"page-templates\/pagebuilder.php","meta":{"footnotes":""},"class_list":["post-118","page","type-page","status-publish","hentry"],"yoast_head":"<!-- This site is optimized with the Yoast SEO plugin v27.6 - https:\/\/yoast.com\/product\/yoast-seo-wordpress\/ -->\n<title>Web to print - Optimum impression<\/title>\n<meta name=\"description\" content=\"Plateforme d&#039;impression en ligne Web to print pour franchises, r\u00e9seaux, chaine de magasins, collectivit\u00e9s et entreprises multi-sites.\" \/>\n<meta name=\"robots\" content=\"index, follow, max-snippet:-1, max-image-preview:large, max-video-preview:-1\" \/>\n<link rel=\"canonical\" href=\"https:\/\/optimum-impression.com\/?page_id=118\" \/>\n<meta property=\"og:locale\" content=\"fr_FR\" \/>\n<meta property=\"og:type\" content=\"article\" \/>\n<meta property=\"og:title\" content=\"Web to print - Optimum impression\" \/>\n<meta property=\"og:description\" content=\"Plateforme d&#039;impression en ligne Web to print pour franchises, r\u00e9seaux, chaine de magasins, collectivit\u00e9s et entreprises multi-sites.\" \/>\n<meta property=\"og:url\" content=\"https:\/\/optimum-impression.com\/?page_id=118\" \/>\n<meta property=\"og:site_name\" content=\"Optimum impression\" \/>\n<meta property=\"article:modified_time\" content=\"2021-11-12T09:58:38+00:00\" \/>\n<meta property=\"og:image\" content=\"https:\/\/optimum-impression.com\/wp-content\/uploads\/2021\/10\/Optimum-Impression3-1.jpg\" \/>\n<meta name=\"twitter:card\" content=\"summary_large_image\" \/>\n<meta name=\"twitter:label1\" content=\"Dur\u00e9e de lecture estim\u00e9e\" \/>\n\t<meta name=\"twitter:data1\" content=\"2 minutes\" \/>\n<script type=\"application\/ld+json\" class=\"yoast-schema-graph\">{\"@context\":\"https:\\\/\\\/schema.org\",\"@graph\":[{\"@type\":\"WebPage\",\"@id\":\"https:\\\/\\\/optimum-impression.com\\\/?page_id=118\",\"url\":\"https:\\\/\\\/optimum-impression.com\\\/?page_id=118\",\"name\":\"Web to print - Optimum impression\",\"isPartOf\":{\"@id\":\"https:\\\/\\\/optimum-impression.com\\\/#website\"},\"primaryImageOfPage\":{\"@id\":\"https:\\\/\\\/optimum-impression.com\\\/?page_id=118#primaryimage\"},\"image\":{\"@id\":\"https:\\\/\\\/optimum-impression.com\\\/?page_id=118#primaryimage\"},\"thumbnailUrl\":\"https:\\\/\\\/optimum-impression.com\\\/wp-content\\\/uploads\\\/2021\\\/10\\\/Optimum-Impression3-1.jpg\",\"datePublished\":\"2021-10-07T15:04:18+00:00\",\"dateModified\":\"2021-11-12T09:58:38+00:00\",\"description\":\"Plateforme d'impression en ligne Web to print pour franchises, r\u00e9seaux, chaine de magasins, collectivit\u00e9s et entreprises multi-sites.\",\"breadcrumb\":{\"@id\":\"https:\\\/\\\/optimum-impression.com\\\/?page_id=118#breadcrumb\"},\"inLanguage\":\"fr-FR\",\"potentialAction\":[{\"@type\":\"ReadAction\",\"target\":[\"https:\\\/\\\/optimum-impression.com\\\/?page_id=118\"]}]},{\"@type\":\"ImageObject\",\"inLanguage\":\"fr-FR\",\"@id\":\"https:\\\/\\\/optimum-impression.com\\\/?page_id=118#primaryimage\",\"url\":\"https:\\\/\\\/optimum-impression.com\\\/wp-content\\\/uploads\\\/2021\\\/10\\\/Optimum-Impression3-1.jpg\",\"contentUrl\":\"https:\\\/\\\/optimum-impression.com\\\/wp-content\\\/uploads\\\/2021\\\/10\\\/Optimum-Impression3-1.jpg\",\"width\":1920,\"height\":1280},{\"@type\":\"BreadcrumbList\",\"@id\":\"https:\\\/\\\/optimum-impression.com\\\/?page_id=118#breadcrumb\",\"itemListElement\":[{\"@type\":\"ListItem\",\"position\":1,\"name\":\"Accueil\",\"item\":\"https:\\\/\\\/optimum-impression.com\\\/\"},{\"@type\":\"ListItem\",\"position\":2,\"name\":\"Web to print\"}]},{\"@type\":\"WebSite\",\"@id\":\"https:\\\/\\\/optimum-impression.com\\\/#website\",\"url\":\"https:\\\/\\\/optimum-impression.com\\\/\",\"name\":\"Optimum impression\",\"description\":\"L&#039;imprimerie sous toutes ses formes\",\"publisher\":{\"@id\":\"https:\\\/\\\/optimum-impression.com\\\/#organization\"},\"potentialAction\":[{\"@type\":\"SearchAction\",\"target\":{\"@type\":\"EntryPoint\",\"urlTemplate\":\"https:\\\/\\\/optimum-impression.com\\\/?s={search_term_string}\"},\"query-input\":{\"@type\":\"PropertyValueSpecification\",\"valueRequired\":true,\"valueName\":\"search_term_string\"}}],\"inLanguage\":\"fr-FR\"},{\"@type\":\"Organization\",\"@id\":\"https:\\\/\\\/optimum-impression.com\\\/#organization\",\"name\":\"Optimum impression\",\"url\":\"https:\\\/\\\/optimum-impression.com\\\/\",\"logo\":{\"@type\":\"ImageObject\",\"inLanguage\":\"fr-FR\",\"@id\":\"https:\\\/\\\/optimum-impression.com\\\/#\\\/schema\\\/logo\\\/image\\\/\",\"url\":\"https:\\\/\\\/optimum-impression.com\\\/wp-content\\\/uploads\\\/2021\\\/10\\\/cropped-Logo-Optimum-01.png\",\"contentUrl\":\"https:\\\/\\\/optimum-impression.com\\\/wp-content\\\/uploads\\\/2021\\\/10\\\/cropped-Logo-Optimum-01.png\",\"width\":122,\"height\":40,\"caption\":\"Optimum impression\"},\"image\":{\"@id\":\"https:\\\/\\\/optimum-impression.com\\\/#\\\/schema\\\/logo\\\/image\\\/\"},\"sameAs\":[\"https:\\\/\\\/www.instagram.com\\\/optimum_impression\",\"https:\\\/\\\/www.linkedin.com\\\/company\\\/optimum-impression\"]}]}<\/script>\n<!-- \/ Yoast SEO plugin. -->","yoast_head_json":{"title":"Web to print - Optimum impression","description":"Plateforme d'impression en ligne Web to print pour franchises, r\u00e9seaux, chaine de magasins, collectivit\u00e9s et entreprises multi-sites.","robots":{"index":"index","follow":"follow","max-snippet":"max-snippet:-1","max-image-preview":"max-image-preview:large","max-video-preview":"max-video-preview:-1"},"canonical":"https:\/\/optimum-impression.com\/?page_id=118","og_locale":"fr_FR","og_type":"article","og_title":"Web to print - Optimum impression","og_description":"Plateforme d'impression en ligne Web to print pour franchises, r\u00e9seaux, chaine de magasins, collectivit\u00e9s et entreprises multi-sites.","og_url":"https:\/\/optimum-impression.com\/?page_id=118","og_site_name":"Optimum impression","article_modified_time":"2021-11-12T09:58:38+00:00","og_image":[{"url":"https:\/\/optimum-impression.com\/wp-content\/uploads\/2021\/10\/Optimum-Impression3-1.jpg","type":"","width":"","height":""}],"twitter_card":"summary_large_image","twitter_misc":{"Dur\u00e9e de lecture estim\u00e9e":"2 minutes"},"schema":{"@context":"https:\/\/schema.org","@graph":[{"@type":"WebPage","@id":"https:\/\/optimum-impression.com\/?page_id=118","url":"https:\/\/optimum-impression.com\/?page_id=118","name":"Web to print - Optimum impression","isPartOf":{"@id":"https:\/\/optimum-impression.com\/#website"},"primaryImageOfPage":{"@id":"https:\/\/optimum-impression.com\/?page_id=118#primaryimage"},"image":{"@id":"https:\/\/optimum-impression.com\/?page_id=118#primaryimage"},"thumbnailUrl":"https:\/\/optimum-impression.com\/wp-content\/uploads\/2021\/10\/Optimum-Impression3-1.jpg","datePublished":"2021-10-07T15:04:18+00:00","dateModified":"2021-11-12T09:58:38+00:00","description":"Plateforme d'impression en ligne Web to print pour franchises, r\u00e9seaux, chaine de magasins, collectivit\u00e9s et entreprises multi-sites.","breadcrumb":{"@id":"https:\/\/optimum-impression.com\/?page_id=118#breadcrumb"},"inLanguage":"fr-FR","potentialAction":[{"@type":"ReadAction","target":["https:\/\/optimum-impression.com\/?page_id=118"]}]},{"@type":"ImageObject","inLanguage":"fr-FR","@id":"https:\/\/optimum-impression.com\/?page_id=118#primaryimage","url":"https:\/\/optimum-impression.com\/wp-content\/uploads\/2021\/10\/Optimum-Impression3-1.jpg","contentUrl":"https:\/\/optimum-impression.com\/wp-content\/uploads\/2021\/10\/Optimum-Impression3-1.jpg","width":1920,"height":1280},{"@type":"BreadcrumbList","@id":"https:\/\/optimum-impression.com\/?page_id=118#breadcrumb","itemListElement":[{"@type":"ListItem","position":1,"name":"Accueil","item":"https:\/\/optimum-impression.com\/"},{"@type":"ListItem","position":2,"name":"Web to print"}]},{"@type":"WebSite","@id":"https:\/\/optimum-impression.com\/#website","url":"https:\/\/optimum-impression.com\/","name":"Optimum impression","description":"L&#039;imprimerie sous toutes ses formes","publisher":{"@id":"https:\/\/optimum-impression.com\/#organization"},"potentialAction":[{"@type":"SearchAction","target":{"@type":"EntryPoint","urlTemplate":"https:\/\/optimum-impression.com\/?s={search_term_string}"},"query-input":{"@type":"PropertyValueSpecification","valueRequired":true,"valueName":"search_term_string"}}],"inLanguage":"fr-FR"},{"@type":"Organization","@id":"https:\/\/optimum-impression.com\/#organization","name":"Optimum impression","url":"https:\/\/optimum-impression.com\/","logo":{"@type":"ImageObject","inLanguage":"fr-FR","@id":"https:\/\/optimum-impression.com\/#\/schema\/logo\/image\/","url":"https:\/\/optimum-impression.com\/wp-content\/uploads\/2021\/10\/cropped-Logo-Optimum-01.png","contentUrl":"https:\/\/optimum-impression.com\/wp-content\/uploads\/2021\/10\/cropped-Logo-Optimum-01.png","width":122,"height":40,"caption":"Optimum impression"},"image":{"@id":"https:\/\/optimum-impression.com\/#\/schema\/logo\/image\/"},"sameAs":["https:\/\/www.instagram.com\/optimum_impression","https:\/\/www.linkedin.com\/company\/optimum-impression"]}]}},"_links":{"self":[{"href":"https:\/\/optimum-impression.com\/index.php?rest_route=\/wp\/v2\/pages\/118","targetHints":{"allow":["GET"]}}],"collection":[{"href":"https:\/\/optimum-impression.com\/index.php?rest_route=\/wp\/v2\/pages"}],"about":[{"href":"https:\/\/optimum-impression.com\/index.php?rest_route=\/wp\/v2\/types\/page"}],"author":[{"embeddable":true,"href":"https:\/\/optimum-impression.com\/index.php?rest_route=\/wp\/v2\/users\/2"}],"replies":[{"embeddable":true,"href":"https:\/\/optimum-impression.com\/index.php?rest_route=%2Fwp%2Fv2%2Fcomments&post=118"}],"version-history":[{"count":50,"href":"https:\/\/optimum-impression.com\/index.php?rest_route=\/wp\/v2\/pages\/118\/revisions"}],"predecessor-version":[{"id":1104,"href":"https:\/\/optimum-impression.com\/index.php?rest_route=\/wp\/v2\/pages\/118\/revisions\/1104"}],"wp:attachment":[{"href":"https:\/\/optimum-impression.com\/index.php?rest_route=%2Fwp%2Fv2%2Fmedia&parent=118"}],"curies":[{"name":"wp","href":"https:\/\/api.w.org\/{rel}","templated":true}]}}