{"id":105,"date":"2021-10-07T14:54:55","date_gmt":"2021-10-07T14:54:55","guid":{"rendered":"https:\/\/optimum-impression.com\/?page_id=105"},"modified":"2021-11-07T17:26:32","modified_gmt":"2021-11-07T17:26:32","slug":"prestations-services","status":"publish","type":"page","link":"https:\/\/optimum-impression.com\/?page_id=105","title":{"rendered":"Prestations &#038; Services"},"content":{"rendered":"\n<h1 class=\"has-text-align-center has-text-color wp-block-heading\" style=\"color:#095886\">Optimum Impression<br>Impression sous toutes ses formes<\/h1>\n\n\n\n<div style=\"height:18px\" aria-hidden=\"true\" class=\"wp-block-spacer\"><\/div>\n\n\n\n<div class=\"wp-block-columns is-layout-flex wp-container-core-columns-is-layout-9d6595d7 wp-block-columns-is-layout-flex\">\n<div class=\"wp-block-column is-layout-flow wp-block-column-is-layout-flow\">\n<div class=\"wp-block-image\"><figure class=\"aligncenter size-medium\"><a href=\"https:\/\/optimum-impression.com\/?page_id=112\"><img loading=\"lazy\" decoding=\"async\" width=\"241\" height=\"300\" src=\"https:\/\/optimum-impression.com\/wp-content\/uploads\/2021\/10\/Numerique-241x300.png\" alt=\"\" class=\"wp-image-382\" srcset=\"https:\/\/optimum-impression.com\/wp-content\/uploads\/2021\/10\/Numerique-241x300.png 241w, https:\/\/optimum-impression.com\/wp-content\/uploads\/2021\/10\/Numerique.png 700w\" sizes=\"auto, (max-width: 241px) 100vw, 241px\" \/><\/a><\/figure><\/div>\n\n\n\n<p class=\"has-text-align-center\" style=\"font-size:18px\"><strong>Impression num\u00e9rique<\/strong><\/p>\n\n\n\n<div class=\"wp-block-buttons is-content-justification-center is-layout-flex wp-block-buttons-is-layout-flex\">\n<div class=\"wp-block-button\"><a class=\"wp-block-button__link has-vivid-cyan-blue-background-color has-background\" href=\"https:\/\/optimum-impression.com\/?page_id=112\">En savoir plus<\/a><\/div>\n<\/div>\n<\/div>\n\n\n\n<div class=\"wp-block-column is-layout-flow wp-block-column-is-layout-flow\">\n<div class=\"wp-block-image\"><figure class=\"aligncenter size-medium\"><img loading=\"lazy\" decoding=\"async\" width=\"241\" height=\"300\" src=\"https:\/\/optimum-impression.com\/wp-content\/uploads\/2021\/10\/Offset-241x300.png\" alt=\"\" class=\"wp-image-380\" srcset=\"https:\/\/optimum-impression.com\/wp-content\/uploads\/2021\/10\/Offset-241x300.png 241w, https:\/\/optimum-impression.com\/wp-content\/uploads\/2021\/10\/Offset.png 700w\" sizes=\"auto, (max-width: 241px) 100vw, 241px\" \/><\/figure><\/div>\n\n\n\n<p class=\"has-text-align-center\"><strong>Impression Offset<\/strong><\/p>\n\n\n\n<div class=\"wp-block-buttons is-content-justification-center is-layout-flex wp-block-buttons-is-layout-flex\">\n<div class=\"wp-block-button\"><a class=\"wp-block-button__link has-vivid-cyan-blue-background-color has-background\" href=\"https:\/\/optimum-impression.com\/?page_id=106\">En savoir plus<\/a><\/div>\n<\/div>\n<\/div>\n\n\n\n<div class=\"wp-block-column is-layout-flow wp-block-column-is-layout-flow\">\n<div class=\"wp-block-image\"><figure class=\"aligncenter size-medium\"><img loading=\"lazy\" decoding=\"async\" width=\"241\" height=\"300\" src=\"https:\/\/optimum-impression.com\/wp-content\/uploads\/2021\/10\/Adhesifs-241x300.png\" alt=\"\" class=\"wp-image-389\" srcset=\"https:\/\/optimum-impression.com\/wp-content\/uploads\/2021\/10\/Adhesifs-241x300.png 241w, https:\/\/optimum-impression.com\/wp-content\/uploads\/2021\/10\/Adhesifs.png 700w\" sizes=\"auto, (max-width: 241px) 100vw, 241px\" \/><\/figure><\/div>\n\n\n\n<p class=\"has-text-align-center\"><strong>Etiquettes et adh\u00e9sifs<\/strong><\/p>\n\n\n\n<div class=\"wp-block-buttons is-content-justification-center is-layout-flex wp-block-buttons-is-layout-flex\">\n<div class=\"wp-block-button\"><a class=\"wp-block-button__link has-vivid-cyan-blue-background-color has-background\" href=\"https:\/\/optimum-impression.com\/?page_id=121\">En savoir plus<\/a><\/div>\n<\/div>\n<\/div>\n<\/div>\n\n\n\n<div class=\"wp-block-columns is-layout-flex wp-container-core-columns-is-layout-9d6595d7 wp-block-columns-is-layout-flex\">\n<div class=\"wp-block-column is-layout-flow wp-block-column-is-layout-flow\">\n<div class=\"wp-block-image\"><figure class=\"aligncenter size-medium\"><img loading=\"lazy\" decoding=\"async\" width=\"241\" height=\"300\" src=\"https:\/\/optimum-impression.com\/wp-content\/uploads\/2021\/11\/Roll-Up3-241x300.png\" alt=\"\" class=\"wp-image-541\" srcset=\"https:\/\/optimum-impression.com\/wp-content\/uploads\/2021\/11\/Roll-Up3-241x300.png 241w, https:\/\/optimum-impression.com\/wp-content\/uploads\/2021\/11\/Roll-Up3.png 700w\" sizes=\"auto, (max-width: 241px) 100vw, 241px\" \/><\/figure><\/div>\n\n\n\n<p class=\"has-text-align-center\"><strong>PLV et Packaging<\/strong><\/p>\n\n\n\n<div class=\"wp-block-buttons is-content-justification-center is-layout-flex wp-block-buttons-is-layout-flex\">\n<div class=\"wp-block-button\"><a class=\"wp-block-button__link has-vivid-cyan-blue-background-color has-background\" href=\"https:\/\/optimum-impression.com\/?page_id=125\">En savoir plus<\/a><\/div>\n<\/div>\n<\/div>\n\n\n\n<div class=\"wp-block-column is-layout-flow wp-block-column-is-layout-flow\">\n<div class=\"wp-block-image\"><figure class=\"aligncenter size-medium\"><img loading=\"lazy\" decoding=\"async\" width=\"241\" height=\"300\" src=\"https:\/\/optimum-impression.com\/wp-content\/uploads\/2021\/11\/WebtoPrint_Optimum_5-241x300.png\" alt=\"Web to print - Optimum Impression\" class=\"wp-image-917\" srcset=\"https:\/\/optimum-impression.com\/wp-content\/uploads\/2021\/11\/WebtoPrint_Optimum_5-241x300.png 241w, https:\/\/optimum-impression.com\/wp-content\/uploads\/2021\/11\/WebtoPrint_Optimum_5.png 700w\" sizes=\"auto, (max-width: 241px) 100vw, 241px\" \/><\/figure><\/div>\n\n\n\n<p class=\"has-text-align-center\"><strong>Web to print<\/strong><\/p>\n\n\n\n<div class=\"wp-block-buttons is-content-justification-center is-layout-flex wp-block-buttons-is-layout-flex\">\n<div class=\"wp-block-button\"><a class=\"wp-block-button__link has-vivid-cyan-blue-background-color has-background\" href=\"https:\/\/optimum-impression.com\/?page_id=118\">En savoir plus<\/a><\/div>\n<\/div>\n<\/div>\n\n\n\n<div class=\"wp-block-column is-layout-flow wp-block-column-is-layout-flow\">\n<div class=\"wp-block-image\"><figure class=\"aligncenter size-medium\"><img loading=\"lazy\" decoding=\"async\" width=\"241\" height=\"300\" src=\"https:\/\/optimum-impression.com\/wp-content\/uploads\/2021\/11\/Imprime-connecte2-241x300.png\" alt=\"Imprim\u00e9 connect\u00e9 - Optimum Impressions\" class=\"wp-image-919\" srcset=\"https:\/\/optimum-impression.com\/wp-content\/uploads\/2021\/11\/Imprime-connecte2-241x300.png 241w, https:\/\/optimum-impression.com\/wp-content\/uploads\/2021\/11\/Imprime-connecte2.png 700w\" sizes=\"auto, (max-width: 241px) 100vw, 241px\" \/><\/figure><\/div>\n\n\n\n<p class=\"has-text-align-center\"><strong>Imprim\u00e9 connect\u00e9<\/strong><\/p>\n\n\n\n<div class=\"wp-block-buttons is-content-justification-center is-layout-flex wp-block-buttons-is-layout-flex\">\n<div class=\"wp-block-button\"><a class=\"wp-block-button__link has-vivid-cyan-blue-background-color has-background\" href=\"https:\/\/optimum-impression.com\/?page_id=124\">En savoir plus<\/a><\/div>\n<\/div>\n<\/div>\n<\/div>\n\n\n\n<div style=\"height:24px\" aria-hidden=\"true\" class=\"wp-block-spacer\"><\/div>\n\n\n\n<h4 class=\"has-text-align-center has-text-color wp-block-heading\" style=\"color:#095886\">Optimum Impression<br>Solutions Print, service, qualit\u00e9 et conseil depuis plus de 30 ans<\/h4>\n\n\n\n<div style=\"height:45px\" aria-hidden=\"true\" class=\"wp-block-spacer\"><\/div>\n","protected":false},"excerpt":{"rendered":"<p>Optimum ImpressionImpression sous toutes ses formes Impression num\u00e9rique Impression Offset Etiquettes et adh\u00e9sifs PLV et Packaging Web to print Imprim\u00e9 connect\u00e9 Optimum ImpressionSolutions Print, service, qualit\u00e9 et conseil depuis plus de 30 ans<\/p>\n","protected":false},"author":2,"featured_media":0,"parent":0,"menu_order":0,"comment_status":"closed","ping_status":"closed","template":"page-templates\/pagebuilder.php","meta":{"footnotes":""},"class_list":["post-105","page","type-page","status-publish","hentry"],"yoast_head":"<!-- This site is optimized with the Yoast SEO plugin v27.6 - https:\/\/yoast.com\/product\/yoast-seo-wordpress\/ -->\n<title>Prestations &amp; Services - Optimum impression<\/title>\n<meta name=\"description\" content=\"Impression Offset - Impression Num\u00e9rique - PLV - Packaging - Etiquettes et adh\u00e9sifs - Web to print - Imprim\u00e9 connect\u00e9 - Routage\" \/>\n<meta name=\"robots\" content=\"index, follow, max-snippet:-1, max-image-preview:large, max-video-preview:-1\" \/>\n<link rel=\"canonical\" href=\"https:\/\/optimum-impression.com\/?page_id=105\" \/>\n<meta property=\"og:locale\" content=\"fr_FR\" \/>\n<meta property=\"og:type\" content=\"article\" \/>\n<meta property=\"og:title\" content=\"Prestations &amp; Services - Optimum impression\" \/>\n<meta property=\"og:description\" content=\"Impression Offset - Impression Num\u00e9rique - PLV - Packaging - Etiquettes et adh\u00e9sifs - Web to print - Imprim\u00e9 connect\u00e9 - Routage\" \/>\n<meta property=\"og:url\" content=\"https:\/\/optimum-impression.com\/?page_id=105\" \/>\n<meta property=\"og:site_name\" content=\"Optimum impression\" \/>\n<meta property=\"article:modified_time\" content=\"2021-11-07T17:26:32+00:00\" \/>\n<meta property=\"og:image\" content=\"https:\/\/optimum-impression.com\/wp-content\/uploads\/2021\/10\/Numerique-241x300.png\" \/>\n<meta name=\"twitter:card\" content=\"summary_large_image\" \/>\n<meta name=\"twitter:label1\" content=\"Dur\u00e9e de lecture estim\u00e9e\" \/>\n\t<meta name=\"twitter:data1\" content=\"2 minutes\" \/>\n<script type=\"application\/ld+json\" class=\"yoast-schema-graph\">{\"@context\":\"https:\\\/\\\/schema.org\",\"@graph\":[{\"@type\":\"WebPage\",\"@id\":\"https:\\\/\\\/optimum-impression.com\\\/?page_id=105\",\"url\":\"https:\\\/\\\/optimum-impression.com\\\/?page_id=105\",\"name\":\"Prestations & Services - Optimum impression\",\"isPartOf\":{\"@id\":\"https:\\\/\\\/optimum-impression.com\\\/#website\"},\"primaryImageOfPage\":{\"@id\":\"https:\\\/\\\/optimum-impression.com\\\/?page_id=105#primaryimage\"},\"image\":{\"@id\":\"https:\\\/\\\/optimum-impression.com\\\/?page_id=105#primaryimage\"},\"thumbnailUrl\":\"https:\\\/\\\/optimum-impression.com\\\/wp-content\\\/uploads\\\/2021\\\/10\\\/Numerique-241x300.png\",\"datePublished\":\"2021-10-07T14:54:55+00:00\",\"dateModified\":\"2021-11-07T17:26:32+00:00\",\"description\":\"Impression Offset - Impression Num\u00e9rique - PLV - Packaging - Etiquettes et adh\u00e9sifs - Web to print - Imprim\u00e9 connect\u00e9 - Routage\",\"breadcrumb\":{\"@id\":\"https:\\\/\\\/optimum-impression.com\\\/?page_id=105#breadcrumb\"},\"inLanguage\":\"fr-FR\",\"potentialAction\":[{\"@type\":\"ReadAction\",\"target\":[\"https:\\\/\\\/optimum-impression.com\\\/?page_id=105\"]}]},{\"@type\":\"ImageObject\",\"inLanguage\":\"fr-FR\",\"@id\":\"https:\\\/\\\/optimum-impression.com\\\/?page_id=105#primaryimage\",\"url\":\"https:\\\/\\\/optimum-impression.com\\\/wp-content\\\/uploads\\\/2021\\\/10\\\/Numerique.png\",\"contentUrl\":\"https:\\\/\\\/optimum-impression.com\\\/wp-content\\\/uploads\\\/2021\\\/10\\\/Numerique.png\",\"width\":700,\"height\":870},{\"@type\":\"BreadcrumbList\",\"@id\":\"https:\\\/\\\/optimum-impression.com\\\/?page_id=105#breadcrumb\",\"itemListElement\":[{\"@type\":\"ListItem\",\"position\":1,\"name\":\"Accueil\",\"item\":\"https:\\\/\\\/optimum-impression.com\\\/\"},{\"@type\":\"ListItem\",\"position\":2,\"name\":\"Prestations &#038; Services\"}]},{\"@type\":\"WebSite\",\"@id\":\"https:\\\/\\\/optimum-impression.com\\\/#website\",\"url\":\"https:\\\/\\\/optimum-impression.com\\\/\",\"name\":\"Optimum impression\",\"description\":\"L&#039;imprimerie sous toutes ses formes\",\"publisher\":{\"@id\":\"https:\\\/\\\/optimum-impression.com\\\/#organization\"},\"potentialAction\":[{\"@type\":\"SearchAction\",\"target\":{\"@type\":\"EntryPoint\",\"urlTemplate\":\"https:\\\/\\\/optimum-impression.com\\\/?s={search_term_string}\"},\"query-input\":{\"@type\":\"PropertyValueSpecification\",\"valueRequired\":true,\"valueName\":\"search_term_string\"}}],\"inLanguage\":\"fr-FR\"},{\"@type\":\"Organization\",\"@id\":\"https:\\\/\\\/optimum-impression.com\\\/#organization\",\"name\":\"Optimum impression\",\"url\":\"https:\\\/\\\/optimum-impression.com\\\/\",\"logo\":{\"@type\":\"ImageObject\",\"inLanguage\":\"fr-FR\",\"@id\":\"https:\\\/\\\/optimum-impression.com\\\/#\\\/schema\\\/logo\\\/image\\\/\",\"url\":\"https:\\\/\\\/optimum-impression.com\\\/wp-content\\\/uploads\\\/2021\\\/10\\\/cropped-Logo-Optimum-01.png\",\"contentUrl\":\"https:\\\/\\\/optimum-impression.com\\\/wp-content\\\/uploads\\\/2021\\\/10\\\/cropped-Logo-Optimum-01.png\",\"width\":122,\"height\":40,\"caption\":\"Optimum impression\"},\"image\":{\"@id\":\"https:\\\/\\\/optimum-impression.com\\\/#\\\/schema\\\/logo\\\/image\\\/\"},\"sameAs\":[\"https:\\\/\\\/www.instagram.com\\\/optimum_impression\",\"https:\\\/\\\/www.linkedin.com\\\/company\\\/optimum-impression\"]}]}<\/script>\n<!-- \/ Yoast SEO plugin. -->","yoast_head_json":{"title":"Prestations & Services - Optimum impression","description":"Impression Offset - Impression Num\u00e9rique - PLV - Packaging - Etiquettes et adh\u00e9sifs - Web to print - Imprim\u00e9 connect\u00e9 - Routage","robots":{"index":"index","follow":"follow","max-snippet":"max-snippet:-1","max-image-preview":"max-image-preview:large","max-video-preview":"max-video-preview:-1"},"canonical":"https:\/\/optimum-impression.com\/?page_id=105","og_locale":"fr_FR","og_type":"article","og_title":"Prestations & Services - Optimum impression","og_description":"Impression Offset - Impression Num\u00e9rique - PLV - Packaging - Etiquettes et adh\u00e9sifs - Web to print - Imprim\u00e9 connect\u00e9 - Routage","og_url":"https:\/\/optimum-impression.com\/?page_id=105","og_site_name":"Optimum impression","article_modified_time":"2021-11-07T17:26:32+00:00","og_image":[{"url":"https:\/\/optimum-impression.com\/wp-content\/uploads\/2021\/10\/Numerique-241x300.png","type":"","width":"","height":""}],"twitter_card":"summary_large_image","twitter_misc":{"Dur\u00e9e de lecture estim\u00e9e":"2 minutes"},"schema":{"@context":"https:\/\/schema.org","@graph":[{"@type":"WebPage","@id":"https:\/\/optimum-impression.com\/?page_id=105","url":"https:\/\/optimum-impression.com\/?page_id=105","name":"Prestations & Services - Optimum impression","isPartOf":{"@id":"https:\/\/optimum-impression.com\/#website"},"primaryImageOfPage":{"@id":"https:\/\/optimum-impression.com\/?page_id=105#primaryimage"},"image":{"@id":"https:\/\/optimum-impression.com\/?page_id=105#primaryimage"},"thumbnailUrl":"https:\/\/optimum-impression.com\/wp-content\/uploads\/2021\/10\/Numerique-241x300.png","datePublished":"2021-10-07T14:54:55+00:00","dateModified":"2021-11-07T17:26:32+00:00","description":"Impression Offset - Impression Num\u00e9rique - PLV - Packaging - Etiquettes et adh\u00e9sifs - Web to print - Imprim\u00e9 connect\u00e9 - Routage","breadcrumb":{"@id":"https:\/\/optimum-impression.com\/?page_id=105#breadcrumb"},"inLanguage":"fr-FR","potentialAction":[{"@type":"ReadAction","target":["https:\/\/optimum-impression.com\/?page_id=105"]}]},{"@type":"ImageObject","inLanguage":"fr-FR","@id":"https:\/\/optimum-impression.com\/?page_id=105#primaryimage","url":"https:\/\/optimum-impression.com\/wp-content\/uploads\/2021\/10\/Numerique.png","contentUrl":"https:\/\/optimum-impression.com\/wp-content\/uploads\/2021\/10\/Numerique.png","width":700,"height":870},{"@type":"BreadcrumbList","@id":"https:\/\/optimum-impression.com\/?page_id=105#breadcrumb","itemListElement":[{"@type":"ListItem","position":1,"name":"Accueil","item":"https:\/\/optimum-impression.com\/"},{"@type":"ListItem","position":2,"name":"Prestations &#038; Services"}]},{"@type":"WebSite","@id":"https:\/\/optimum-impression.com\/#website","url":"https:\/\/optimum-impression.com\/","name":"Optimum impression","description":"L&#039;imprimerie sous toutes ses formes","publisher":{"@id":"https:\/\/optimum-impression.com\/#organization"},"potentialAction":[{"@type":"SearchAction","target":{"@type":"EntryPoint","urlTemplate":"https:\/\/optimum-impression.com\/?s={search_term_string}"},"query-input":{"@type":"PropertyValueSpecification","valueRequired":true,"valueName":"search_term_string"}}],"inLanguage":"fr-FR"},{"@type":"Organization","@id":"https:\/\/optimum-impression.com\/#organization","name":"Optimum impression","url":"https:\/\/optimum-impression.com\/","logo":{"@type":"ImageObject","inLanguage":"fr-FR","@id":"https:\/\/optimum-impression.com\/#\/schema\/logo\/image\/","url":"https:\/\/optimum-impression.com\/wp-content\/uploads\/2021\/10\/cropped-Logo-Optimum-01.png","contentUrl":"https:\/\/optimum-impression.com\/wp-content\/uploads\/2021\/10\/cropped-Logo-Optimum-01.png","width":122,"height":40,"caption":"Optimum impression"},"image":{"@id":"https:\/\/optimum-impression.com\/#\/schema\/logo\/image\/"},"sameAs":["https:\/\/www.instagram.com\/optimum_impression","https:\/\/www.linkedin.com\/company\/optimum-impression"]}]}},"_links":{"self":[{"href":"https:\/\/optimum-impression.com\/index.php?rest_route=\/wp\/v2\/pages\/105","targetHints":{"allow":["GET"]}}],"collection":[{"href":"https:\/\/optimum-impression.com\/index.php?rest_route=\/wp\/v2\/pages"}],"about":[{"href":"https:\/\/optimum-impression.com\/index.php?rest_route=\/wp\/v2\/types\/page"}],"author":[{"embeddable":true,"href":"https:\/\/optimum-impression.com\/index.php?rest_route=\/wp\/v2\/users\/2"}],"replies":[{"embeddable":true,"href":"https:\/\/optimum-impression.com\/index.php?rest_route=%2Fwp%2Fv2%2Fcomments&post=105"}],"version-history":[{"count":26,"href":"https:\/\/optimum-impression.com\/index.php?rest_route=\/wp\/v2\/pages\/105\/revisions"}],"predecessor-version":[{"id":940,"href":"https:\/\/optimum-impression.com\/index.php?rest_route=\/wp\/v2\/pages\/105\/revisions\/940"}],"wp:attachment":[{"href":"https:\/\/optimum-impression.com\/index.php?rest_route=%2Fwp%2Fv2%2Fmedia&parent=105"}],"curies":[{"name":"wp","href":"https:\/\/api.w.org\/{rel}","templated":true}]}}